{"id":185,"date":"2024-04-16T02:40:26","date_gmt":"2024-04-16T02:40:26","guid":{"rendered":"https:\/\/demo.bravisthemes.com\/herrington\/?page_id=185"},"modified":"2025-03-28T16:24:02","modified_gmt":"2025-03-28T19:24:02","slug":"nossotime","status":"publish","type":"page","link":"https:\/\/iunex.com.br\/en\/nossotime\/","title":{"rendered":"Our team"},"content":{"rendered":"<div data-elementor-type=\"wp-page\" data-elementor-id=\"185\" class=\"elementor elementor-185\" data-elementor-post-type=\"page\">\n\t\t\t\t        <section class=\"elementor-section elementor-top-section elementor-element elementor-element-3768111 elementor-section-stretched elementor-section-boxed elementor-section-height-default elementor-section-height-default pxl-row-scroll-none pxl-zoom-point-false pxl-section-overflow-visible\" data-id=\"3768111\" data-element_type=\"section\" data-e-type=\"section\" data-settings=\"{&quot;stretch_section&quot;:&quot;section-stretched&quot;,&quot;background_background&quot;:&quot;classic&quot;}\">\n\n                            <div class=\"elementor-background-overlay\"><\/div>\n            \n                <div class=\"elementor-container elementor-column-gap-extended\">\n                <div class=\"elementor-column elementor-col-100 elementor-top-column elementor-element elementor-element-4f7177a pxl-column-none pxl-column-overflow-hidden-no\" data-id=\"4f7177a\" data-element_type=\"column\" data-e-type=\"column\">\r\n        <div class=\"elementor-widget-wrap elementor-element-populated\">\r\n                     \r\n        \t\t<div class=\"elementor-element elementor-element-e22b9d3 elementor-widget elementor-widget-pxl_heading\" data-id=\"e22b9d3\" data-element_type=\"widget\" data-e-type=\"widget\" data-widget_type=\"pxl_heading.default\">\n\t\t\t\t<div class=\"elementor-widget-container\">\n\t\t\t\t\t\n<div id=\"pxl-pxl_heading-e22b9d3-4268\" class=\"pxl-heading px-sub-title-default-style\">\n\t<div class=\"pxl-heading--inner\">\n\t\t\n\t\t<h3 class=\"pxl-item--title style-default ft-gt highlight-default\" data-wow-delay=\"ms\">\n\t\t\t\t\t\t\tOur team\t\n\t\t\t\t\n\t\t<\/h3>\n\t\t\n\t<\/div>\n<\/div>\t\t\t\t<\/div>\n\t\t\t\t<\/div>\n\t\t\t\t<div class=\"elementor-element elementor-element-8a50084 elementor-widget elementor-widget-pxl_text_editor\" data-id=\"8a50084\" data-element_type=\"widget\" data-e-type=\"widget\" data-widget_type=\"pxl_text_editor.default\">\n\t\t\t\t<div class=\"elementor-widget-container\">\n\t\t\t\t\t<div class=\"pxl-text-editor\">\n\t<div class=\"pxl-item--inner\" data-wow-delay=\"ms\">\n\t\t<p>A IUNEX busca criar condi\u00e7\u00f5es para o time se realize profissionalmente, maximize seu desempenho, trabalhe de forma integrada e desenvolva suas compet\u00eancias.\u00a0<\/p>\t\t\n\t<\/div>\n<\/div>\t\t\t\t<\/div>\n\t\t\t\t<\/div>\n\t\t\t\t<div class=\"elementor-element elementor-element-17814af elementor-widget-divider--view-line elementor-widget elementor-widget-divider\" data-id=\"17814af\" data-element_type=\"widget\" data-e-type=\"widget\" data-widget_type=\"divider.default\">\n\t\t\t\t<div class=\"elementor-widget-container\">\n\t\t\t\t\t\t\t<div class=\"elementor-divider\">\n\t\t\t<span class=\"elementor-divider-separator\">\n\t\t\t\t\t\t<\/span>\n\t\t<\/div>\n\t\t\t\t\t\t<\/div>\n\t\t\t\t<\/div>\n\t\t\t\t<div class=\"elementor-element elementor-element-64c9adf elementor-widget-divider--view-line elementor-widget elementor-widget-divider\" data-id=\"64c9adf\" data-element_type=\"widget\" data-e-type=\"widget\" data-widget_type=\"divider.default\">\n\t\t\t\t<div class=\"elementor-widget-container\">\n\t\t\t\t\t\t\t<div class=\"elementor-divider\">\n\t\t\t<span class=\"elementor-divider-separator\">\n\t\t\t\t\t\t<\/span>\n\t\t<\/div>\n\t\t\t\t\t\t<\/div>\n\t\t\t\t<\/div>\n\t\t\t\t<div class=\"elementor-element elementor-element-fd28cd1 elementor-widget elementor-widget-pxl_breadcrumb\" data-id=\"fd28cd1\" data-element_type=\"widget\" data-e-type=\"widget\" data-widget_type=\"pxl_breadcrumb.default\">\n\t\t\t\t<div class=\"elementor-widget-container\">\n\t\t\t\t\t<div class=\"pxl-breadcrumb-wrap\">\n\t<ul class=\"pxl-breadcrumb\"><li><span class=\"breadcrumb-entry\">Home<\/span><\/li><\/ul><\/div>\t\t\t\t<\/div>\n\t\t\t\t<\/div>\n\t\t            <\/div>\r\n        <\/div>\r\n        \t\t\t<\/div>\n\t\t<\/section>\n\t\t        <section class=\"elementor-section elementor-top-section elementor-element elementor-element-68e8f27 elementor-section-stretched elementor-section-boxed elementor-section-height-default elementor-section-height-default pxl-row-scroll-none pxl-zoom-point-false pxl-section-overflow-visible\" data-id=\"68e8f27\" data-element_type=\"section\" data-e-type=\"section\" data-settings=\"{&quot;stretch_section&quot;:&quot;section-stretched&quot;}\">\n\n                \n                <div class=\"elementor-container elementor-column-gap-extended\">\n                <div class=\"elementor-column elementor-col-100 elementor-top-column elementor-element elementor-element-abc263c pxl-column-none pxl-column-overflow-hidden-no\" data-id=\"abc263c\" data-element_type=\"column\" data-e-type=\"column\">\r\n        <div class=\"elementor-widget-wrap elementor-element-populated\">\r\n                     \r\n        \t\t<div class=\"elementor-element elementor-element-a52e96c elementor-widget elementor-widget-pxl_heading\" data-id=\"a52e96c\" data-element_type=\"widget\" data-e-type=\"widget\" data-widget_type=\"pxl_heading.default\">\n\t\t\t\t<div class=\"elementor-widget-container\">\n\t\t\t\t\t\n<div id=\"pxl-pxl_heading-a52e96c-9592\" class=\"pxl-heading px-sub-title-default-style\">\n\t<div class=\"pxl-heading--inner\">\n\t\t\n\t\t<h3 class=\"pxl-item--title style-default  highlight-default pxl-split-text split-in-fade\" data-wow-delay=\"ms\">\n\t\t\t\t\t\t\tCuidamos uns dos outros \t\n\t\t\t\t\n\t\t<\/h3>\n\t\t\n\t<\/div>\n<\/div>\t\t\t\t<\/div>\n\t\t\t\t<\/div>\n\t\t\t\t<div class=\"elementor-element elementor-element-61b8cf8 elementor-widget__width-auto ft-gt elementor-invisible elementor-widget elementor-widget-pxl_list\" data-id=\"61b8cf8\" data-element_type=\"widget\" data-e-type=\"widget\" data-settings=\"{&quot;_animation&quot;:&quot;fadeInRight&quot;,&quot;_animation_delay&quot;:200}\" data-widget_type=\"pxl_list.default\">\n\t\t\t\t<div class=\"elementor-widget-container\">\n\t\t\t\t\t    <div class=\"pxl-list pxl-list1  default\" data-wow-delay=\"ms\">\r\n                    <div class=\"pxl--item\">\r\n                                    <div class=\"pxl-item--icon\">\r\n                        <svg xmlns=\"http:\/\/www.w3.org\/2000\/svg\" height=\"434pt\" viewbox=\"0 -65 434.67733 434\" width=\"434pt\"><path d=\"m152.003906 304.34375c-5.460937 0-10.921875-2.089844-15.082031-6.25l-130.664063-130.667969c-8.34375-8.339843-8.34375-21.824219 0-30.164062 8.339844-8.339844 21.820313-8.339844 30.164063 0l115.582031 115.582031 246.253906-246.25c8.339844-8.339844 21.820313-8.339844 30.164063 0 8.339844 8.34375 8.339844 21.824219 0 30.167969l-261.332031 261.332031c-4.160156 4.160156-9.625 6.25-15.085938 6.25zm0 0\"><\/path><\/svg>                    <\/div>\r\n                                                    <div class=\"pxl-item-content\">\r\n                        <label class=\"pxl-empty\"><\/label>\r\n                        Incentivamos o desenvolvimento profissional e pessoal                    <\/div>\r\n                            <\/div>\r\n            <\/div>\r\n\t\t\t\t<\/div>\n\t\t\t\t<\/div>\n\t\t\t\t<div class=\"elementor-element elementor-element-1394869 elementor-widget__width-auto ft-gt elementor-invisible elementor-widget elementor-widget-pxl_list\" data-id=\"1394869\" data-element_type=\"widget\" data-e-type=\"widget\" data-settings=\"{&quot;_animation&quot;:&quot;fadeInRight&quot;}\" data-widget_type=\"pxl_list.default\">\n\t\t\t\t<div class=\"elementor-widget-container\">\n\t\t\t\t\t    <div class=\"pxl-list pxl-list1  default\" data-wow-delay=\"ms\">\r\n                    <div class=\"pxl--item\">\r\n                                    <div class=\"pxl-item--icon\">\r\n                        <svg xmlns=\"http:\/\/www.w3.org\/2000\/svg\" height=\"434pt\" viewbox=\"0 -65 434.67733 434\" width=\"434pt\"><path d=\"m152.003906 304.34375c-5.460937 0-10.921875-2.089844-15.082031-6.25l-130.664063-130.667969c-8.34375-8.339843-8.34375-21.824219 0-30.164062 8.339844-8.339844 21.820313-8.339844 30.164063 0l115.582031 115.582031 246.253906-246.25c8.339844-8.339844 21.820313-8.339844 30.164063 0 8.339844 8.34375 8.339844 21.824219 0 30.167969l-261.332031 261.332031c-4.160156 4.160156-9.625 6.25-15.085938 6.25zm0 0\"><\/path><\/svg>                    <\/div>\r\n                                                    <div class=\"pxl-item-content\">\r\n                        <label class=\"pxl-empty\"><\/label>\r\n                        Valorizamos o comprometimento                    <\/div>\r\n                            <\/div>\r\n            <\/div>\r\n\t\t\t\t<\/div>\n\t\t\t\t<\/div>\n\t\t\t\t<div class=\"elementor-element elementor-element-0eeeb2e elementor-widget__width-auto ft-gt elementor-invisible elementor-widget elementor-widget-pxl_list\" data-id=\"0eeeb2e\" data-element_type=\"widget\" data-e-type=\"widget\" data-settings=\"{&quot;_animation&quot;:&quot;fadeInRight&quot;,&quot;_animation_delay&quot;:400}\" data-widget_type=\"pxl_list.default\">\n\t\t\t\t<div class=\"elementor-widget-container\">\n\t\t\t\t\t    <div class=\"pxl-list pxl-list1  default\" data-wow-delay=\"ms\">\r\n                    <div class=\"pxl--item\">\r\n                                    <div class=\"pxl-item--icon\">\r\n                        <svg xmlns=\"http:\/\/www.w3.org\/2000\/svg\" height=\"434pt\" viewbox=\"0 -65 434.67733 434\" width=\"434pt\"><path d=\"m152.003906 304.34375c-5.460937 0-10.921875-2.089844-15.082031-6.25l-130.664063-130.667969c-8.34375-8.339843-8.34375-21.824219 0-30.164062 8.339844-8.339844 21.820313-8.339844 30.164063 0l115.582031 115.582031 246.253906-246.25c8.339844-8.339844 21.820313-8.339844 30.164063 0 8.339844 8.34375 8.339844 21.824219 0 30.167969l-261.332031 261.332031c-4.160156 4.160156-9.625 6.25-15.085938 6.25zm0 0\"><\/path><\/svg>                    <\/div>\r\n                                                    <div class=\"pxl-item-content\">\r\n                        <label class=\"pxl-empty\"><\/label>\r\n                        Celebramos as diferen\u00e7as                    <\/div>\r\n                            <\/div>\r\n            <\/div>\r\n\t\t\t\t<\/div>\n\t\t\t\t<\/div>\n\t\t            <\/div>\r\n        <\/div>\r\n        \t\t\t<\/div>\n\t\t<\/section>\n\t\t        <section class=\"elementor-section elementor-top-section elementor-element elementor-element-cd6f013 elementor-section-stretched elementor-section-boxed elementor-section-height-default elementor-section-height-default pxl-row-scroll-none pxl-zoom-point-false pxl-section-overflow-visible\" data-id=\"cd6f013\" data-element_type=\"section\" data-e-type=\"section\" data-settings=\"{&quot;stretch_section&quot;:&quot;section-stretched&quot;}\">\n\n                \n                <div class=\"elementor-container elementor-column-gap-extended\">\n                <div class=\"elementor-column elementor-col-100 elementor-top-column elementor-element elementor-element-944e561 pxl-column-none pxl-column-overflow-hidden-no\" data-id=\"944e561\" data-element_type=\"column\" data-e-type=\"column\">\r\n        <div class=\"elementor-widget-wrap elementor-element-populated\">\r\n                     \r\n        \t\t<div class=\"elementor-element elementor-element-8b1af42 elementor-widget elementor-widget-pxl_image_parallax\" data-id=\"8b1af42\" data-element_type=\"widget\" data-e-type=\"widget\" data-widget_type=\"pxl_image_parallax.default\">\n\t\t\t\t<div class=\"elementor-widget-container\">\n\t\t\t\t\t<div class=\"pxl-image-prl pxl-image--inner overflow-hidden\">\r\n<div id=\"pxl_image_parallax-8b1af42-1577\" class=\"pxl-image-wg\" data-parallax=\"{&quot;y&quot;:&quot;-200&quot;,&quot;&quot;:&quot;&quot;}\" data-maxtilt=\"\" data-speedtilt=\"\" data-perspectivetilt=\"\" data-wow-delay=\"ms\">\r\n                                            <img fetchpriority=\"high\" decoding=\"async\" data-attachment-id=\"795\" data-permalink=\"https:\/\/iunex.com.br\/en\/team2\/\" data-orig-file=\"https:\/\/i0.wp.com\/iunex.com.br\/wp-content\/uploads\/2024\/05\/team2-1.webp?fit=1920%2C1280&amp;ssl=1\" data-orig-size=\"1920,1280\" data-comments-opened=\"1\" data-image-meta=\"{&quot;aperture&quot;:&quot;0&quot;,&quot;credit&quot;:&quot;&quot;,&quot;camera&quot;:&quot;&quot;,&quot;caption&quot;:&quot;&quot;,&quot;created_timestamp&quot;:&quot;0&quot;,&quot;copyright&quot;:&quot;&quot;,&quot;focal_length&quot;:&quot;0&quot;,&quot;iso&quot;:&quot;0&quot;,&quot;shutter_speed&quot;:&quot;0&quot;,&quot;title&quot;:&quot;&quot;,&quot;orientation&quot;:&quot;0&quot;}\" data-image-title=\"team2\" data-image-description=\"\" data-image-caption=\"\" data-large-file=\"https:\/\/i0.wp.com\/iunex.com.br\/wp-content\/uploads\/2024\/05\/team2-1.webp?fit=1024%2C683&amp;ssl=1\" width=\"1920\" height=\"1280\" src=\"https:\/\/i0.wp.com\/iunex.com.br\/wp-content\/uploads\/2024\/05\/team2-1.webp?fit=1920%2C1280&amp;ssl=1\" class=\"attachment-full size-full wp-image-795\" alt=\"\" srcset=\"https:\/\/i0.wp.com\/iunex.com.br\/wp-content\/uploads\/2024\/05\/team2-1.webp?w=1920&amp;ssl=1 1920w, https:\/\/i0.wp.com\/iunex.com.br\/wp-content\/uploads\/2024\/05\/team2-1.webp?resize=300%2C200&amp;ssl=1 300w, https:\/\/i0.wp.com\/iunex.com.br\/wp-content\/uploads\/2024\/05\/team2-1.webp?resize=1024%2C683&amp;ssl=1 1024w, https:\/\/i0.wp.com\/iunex.com.br\/wp-content\/uploads\/2024\/05\/team2-1.webp?resize=768%2C512&amp;ssl=1 768w, https:\/\/i0.wp.com\/iunex.com.br\/wp-content\/uploads\/2024\/05\/team2-1.webp?resize=1536%2C1024&amp;ssl=1 1536w, https:\/\/i0.wp.com\/iunex.com.br\/wp-content\/uploads\/2024\/05\/team2-1.webp?resize=1065%2C710&amp;ssl=1 1065w\" sizes=\"(max-width: 1200px) 100vw, 1200px\" \/>                            <\/div>    \r\n<\/div>\r\n\t\t\t\t<\/div>\n\t\t\t\t<\/div>\n\t\t        <section class=\"elementor-section elementor-inner-section elementor-element elementor-element-cf14edb elementor-section-full_width elementor-section-height-default elementor-section-height-default pxl-row-scroll-none pxl-zoom-point-false pxl-section-overflow-visible pxl-full-content-with-space-none\" data-id=\"cf14edb\" data-element_type=\"section\" data-e-type=\"section\" data-settings=\"{&quot;background_background&quot;:&quot;classic&quot;}\">\n\n                \n                <div class=\"elementor-container elementor-column-gap-extended\">\n                <div class=\"elementor-column elementor-col-100 elementor-inner-column elementor-element elementor-element-3e67950 pxl-column-none pxl-column-overflow-hidden-no\" data-id=\"3e67950\" data-element_type=\"column\" data-e-type=\"column\">\r\n        <div class=\"elementor-widget-wrap elementor-element-populated\">\r\n                     \r\n        \t\t<div class=\"elementor-element elementor-element-36c8d23 elementor-widget elementor-widget-pxl_heading\" data-id=\"36c8d23\" data-element_type=\"widget\" data-e-type=\"widget\" data-widget_type=\"pxl_heading.default\">\n\t\t\t\t<div class=\"elementor-widget-container\">\n\t\t\t\t\t\n<div id=\"pxl-pxl_heading-36c8d23-4203\" class=\"pxl-heading px-sub-title-default-style\">\n\t<div class=\"pxl-heading--inner\">\n\t\t\n\t\t<h3 class=\"pxl-item--title style-default ft-gt highlight-default\" data-wow-delay=\"ms\">\n\t\t\t\t\t\t\tContamos com uma equipe de profissionais de alto n\u00edvel, comprometidos com a excel\u00eancia e com a entrega de resultados excepcionais. Nossos especialistas trazem conhecimento e experi\u00eancia acumulada ao longo de mais de 20 anos de atua\u00e7\u00e3o no mercado, garantindo um atendimento de qualidade e solu\u00e7\u00f5es tecnol\u00f3gicas robustas que fazem a diferen\u00e7a.\n\t\n\t\t\t\t\n\t\t<\/h3>\n\t\t\n\t<\/div>\n<\/div>\t\t\t\t<\/div>\n\t\t\t\t<\/div>\n\t\t\t\t<div class=\"elementor-element elementor-element-61f02cc elementor-align-center ft-gt pxl-icon-list  elementor-widget elementor-widget-pxl_button\" data-id=\"61f02cc\" data-element_type=\"widget\" data-e-type=\"widget\" data-widget_type=\"pxl_button.default\">\n\t\t\t\t<div class=\"elementor-widget-container\">\n\t\t\t\t\t<div id=\"pxl-pxl_button-61f02cc-7798\" class=\"pxl-button pxl-atc-link\" data-wow-delay=\"ms\">\r\n    <a href=\"https:\/\/iunex.com.br\/en\/trabalhe-conosco\/\" class=\"btn pxl-icon-active btn-text-nina btn-default  inline pxl-icon--right\" data-wow-delay=\"ms\" data-target=\".pxl-page-popup-template-0\">\r\n                <span class=\"pxl--btn-text\" data-text=\"Fa\u00e7a parte do nosso time\">\r\n            <span>F<\/span><span>a<\/span><span>\u00e7<\/span><span>a<\/span><span class=\"spacer\">&nbsp;<\/span><span>p<\/span><span>a<\/span><span>r<\/span><span>t<\/span><span>e<\/span><span class=\"spacer\">&nbsp;<\/span><span>d<\/span><span>o<\/span><span class=\"spacer\">&nbsp;<\/span><span>n<\/span><span>o<\/span><span>s<\/span><span>s<\/span><span>o<\/span><span class=\"spacer\">&nbsp;<\/span><span>t<\/span><span>i<\/span><span>m<\/span><span>e<\/span>        <\/span>\r\n            <\/a>\r\n<\/div>\t\t\t\t<\/div>\n\t\t\t\t<\/div>\n\t\t            <\/div>\r\n        <\/div>\r\n        \t\t\t<\/div>\n\t\t<\/section>\n\t\t            <\/div>\r\n        <\/div>\r\n        \t\t\t<\/div>\n\t\t<\/section>\n\t\t\t\t<\/div>","protected":false},"excerpt":{"rendered":"<p>Nosso time A IUNEX busca criar condi\u00e7\u00f5es para o time se realize profissionalmente, maximize seu desempenho, trabalhe de forma integrada e desenvolva suas compet\u00eancias.\u00a0 Home teste Cuidamos uns dos outros Incentivamos o desenvolvimento profissional e pessoal Valorizamos o comprometimento Celebramos as diferen\u00e7as Contamos com uma equipe de profissionais de alto n\u00edvel, comprometidos com a excel\u00eancia<\/p>","protected":false},"author":233447479,"featured_media":0,"parent":0,"menu_order":0,"comment_status":"closed","ping_status":"closed","template":"","meta":{"advanced_seo_description":"","jetpack_seo_html_title":"","jetpack_seo_noindex":false,"footnotes":""},"class_list":["post-185","page","type-page","status-publish","hentry"],"jetpack_likes_enabled":true,"jetpack_sharing_enabled":true,"jetpack_shortlink":"https:\/\/wp.me\/PeHi2u-2Z","jetpack-related-posts":[],"_links":{"self":[{"href":"https:\/\/iunex.com.br\/en\/wp-json\/wp\/v2\/pages\/185","targetHints":{"allow":["GET"]}}],"collection":[{"href":"https:\/\/iunex.com.br\/en\/wp-json\/wp\/v2\/pages"}],"about":[{"href":"https:\/\/iunex.com.br\/en\/wp-json\/wp\/v2\/types\/page"}],"author":[{"embeddable":true,"href":"https:\/\/iunex.com.br\/en\/wp-json\/wp\/v2\/users\/233447479"}],"replies":[{"embeddable":true,"href":"https:\/\/iunex.com.br\/en\/wp-json\/wp\/v2\/comments?post=185"}],"version-history":[{"count":15,"href":"https:\/\/iunex.com.br\/en\/wp-json\/wp\/v2\/pages\/185\/revisions"}],"predecessor-version":[{"id":17575,"href":"https:\/\/iunex.com.br\/en\/wp-json\/wp\/v2\/pages\/185\/revisions\/17575"}],"wp:attachment":[{"href":"https:\/\/iunex.com.br\/en\/wp-json\/wp\/v2\/media?parent=185"}],"curies":[{"name":"wp","href":"https:\/\/api.w.org\/{rel}","templated":true}]}}